{"id":1515,"date":"2024-07-01T12:11:47","date_gmt":"2024-07-01T10:11:47","guid":{"rendered":"https:\/\/infugacicloturismo.com\/contacto-2\/"},"modified":"2025-07-09T05:52:47","modified_gmt":"2025-07-09T03:52:47","slug":"contacto-2","status":"publish","type":"page","link":"https:\/\/infugacicloturismo.com\/en\/contacto-2\/","title":{"rendered":""},"content":{"rendered":"<h1 class=\"wp-block-heading alignwide\">Contact<\/h1>\n\n\n\n<div class=\"wp-block-group alignfull has-global-padding is-layout-constrained wp-block-group-is-layout-constrained\">\n<div class=\"wp-block-group alignfull has-global-padding is-content-justification-center is-layout-constrained wp-container-core-group-is-layout-df757ecc wp-block-group-is-layout-constrained\" style=\"margin-top:0;margin-bottom:0;padding-top:calc( 0.5 * var(--wp--style--root--padding-right, var(--wp--custom--gap--horizontal)));padding-right:var(--wp--style--root--padding-right, var(--wp--custom--gap--horizontal));padding-bottom:calc( 0.5 * var(--wp--style--root--padding-right, var(--wp--custom--gap--horizontal)));padding-left:var(--wp--style--root--padding-left, var(--wp--custom--gap--horizontal))\">\n<div class=\"wp-block-columns alignwide is-not-stacked-on-mobile is-layout-flex wp-container-core-columns-is-layout-44f6c7ec wp-block-columns-is-layout-flex\" style=\"padding-top:0;padding-right:0;padding-bottom:0;padding-left:0\">\n<div class=\"wp-block-column is-vertically-aligned-center is-layout-flow wp-block-column-is-layout-flow\" style=\"flex-basis:100%\">\n<p>Welcome to a world of endless possibilities, where the journey is as exciting as the destination, and where every moment is an opportunity to leave your mark on the canvas of existence. The only limit is the extent of your imagination.<\/p>\n\n\n\n<div style=\"height:var(--wp--preset--spacing--40)\" aria-hidden=\"true\" class=\"wp-block-spacer\"><\/div>\n\n\n<div class=\"wp-block-jetpack-contact-form is-style-animated\"><a href=\"https:\/\/infugacicloturismo.com\/en\/contacto-2\/\" target=\"_blank\" rel=\"noopener noreferrer\">Submit a form.<\/a><\/div><\/div>\n<\/div>\n<\/div>\n<\/div>","protected":false},"excerpt":{"rendered":"<p>Contacto Bienvenido a un mundo de infinitas posibilidades, donde el viaje es tan emocionante como el destino, y donde cada momento es una oportunidad para dejar tu huella en el lienzo de la existencia. El \u00fanico l\u00edmite es la extensi\u00f3n de tu imaginaci\u00f3n.<\/p>","protected":false},"author":240942074,"featured_media":0,"parent":0,"menu_order":0,"comment_status":"closed","ping_status":"closed","template":"","meta":{"ub_ctt_via":"","advanced_seo_description":"","jetpack_seo_html_title":"","jetpack_seo_noindex":false,"jetpack_post_was_ever_published":false,"footnotes":""},"class_list":["post-1515","page","type-page","status-publish","hentry"],"featured_image_src":null,"jetpack_likes_enabled":true,"jetpack_sharing_enabled":true,"jetpack_shortlink":"https:\/\/wp.me\/Pfbut4-or","jetpack-related-posts":[],"_links":{"self":[{"href":"https:\/\/infugacicloturismo.com\/en\/wp-json\/wp\/v2\/pages\/1515","targetHints":{"allow":["GET"]}}],"collection":[{"href":"https:\/\/infugacicloturismo.com\/en\/wp-json\/wp\/v2\/pages"}],"about":[{"href":"https:\/\/infugacicloturismo.com\/en\/wp-json\/wp\/v2\/types\/page"}],"author":[{"embeddable":true,"href":"https:\/\/infugacicloturismo.com\/en\/wp-json\/wp\/v2\/users\/240942074"}],"replies":[{"embeddable":true,"href":"https:\/\/infugacicloturismo.com\/en\/wp-json\/wp\/v2\/comments?post=1515"}],"version-history":[{"count":0,"href":"https:\/\/infugacicloturismo.com\/en\/wp-json\/wp\/v2\/pages\/1515\/revisions"}],"wp:attachment":[{"href":"https:\/\/infugacicloturismo.com\/en\/wp-json\/wp\/v2\/media?parent=1515"}],"curies":[{"name":"wp","href":"https:\/\/api.w.org\/{rel}","templated":true}]}}