{"id":2121,"date":"2025-01-05T13:10:11","date_gmt":"2025-01-05T12:10:11","guid":{"rendered":"https:\/\/infugacicloturismo.com\/?page_id=2121"},"modified":"2025-07-17T01:16:07","modified_gmt":"2025-07-16T23:16:07","slug":"mission","status":"publish","type":"page","link":"https:\/\/infugacicloturismo.com\/en\/mission\/","title":{"rendered":""},"content":{"rendered":"<h1 class=\"wp-block-heading alignwide\">Mission<\/h1>\n\n\n\n<figure class=\"wp-block-image alignwide size-large is-style-default\" style=\"margin-top:var(--wp--preset--spacing--50);margin-right:0;margin-bottom:var(--wp--preset--spacing--50);margin-left:0\"><img data-recalc-dims=\"1\" fetchpriority=\"high\" decoding=\"async\" width=\"1024\" height=\"683\" src=\"https:\/\/i0.wp.com\/infugacicloturismo.com\/wp-content\/uploads\/2025\/01\/TAPPA4-127.jpg?resize=1024%2C683&#038;ssl=1\" alt=\"\" class=\"wp-image-2142\" srcset=\"https:\/\/i0.wp.com\/infugacicloturismo.com\/wp-content\/uploads\/2025\/01\/TAPPA4-127.jpg?resize=1024%2C683&amp;ssl=1 1024w, https:\/\/i0.wp.com\/infugacicloturismo.com\/wp-content\/uploads\/2025\/01\/TAPPA4-127.jpg?resize=300%2C200&amp;ssl=1 300w, https:\/\/i0.wp.com\/infugacicloturismo.com\/wp-content\/uploads\/2025\/01\/TAPPA4-127.jpg?resize=768%2C512&amp;ssl=1 768w, https:\/\/i0.wp.com\/infugacicloturismo.com\/wp-content\/uploads\/2025\/01\/TAPPA4-127.jpg?resize=1536%2C1024&amp;ssl=1 1536w, https:\/\/i0.wp.com\/infugacicloturismo.com\/wp-content\/uploads\/2025\/01\/TAPPA4-127.jpg?resize=2048%2C1365&amp;ssl=1 2048w, https:\/\/i0.wp.com\/infugacicloturismo.com\/wp-content\/uploads\/2025\/01\/TAPPA4-127.jpg?resize=1200%2C800&amp;ssl=1 1200w, https:\/\/i0.wp.com\/infugacicloturismo.com\/wp-content\/uploads\/2025\/01\/TAPPA4-127.jpg?w=3000&amp;ssl=1 3000w\" sizes=\"(max-width: 1000px) 100vw, 1000px\" \/><\/figure>\n\n\n\n<div class=\"wp-block-columns alignwide is-layout-flex wp-container-core-columns-is-layout-28f84493 wp-block-columns-is-layout-flex\">\n<div class=\"wp-block-column is-layout-flow wp-block-column-is-layout-flow\" style=\"flex-basis:100%\">\n<p class=\"has-text-align-justify has-raleway-font-family\" style=\"font-style:normal;font-weight:200\">A perfect week on a bike, far from strict routines and unattainable goals, where every kilometer is a celebration of freedom, nature, and culture. \u00f0\u0178\u0161\u00b4\u00e2\u20ac\u008d\u00e2\u2122\u201a\u00ef\u00b8\u008f\u00e2\u0153\u00a8<\/p>\n<\/div>\n<\/div>\n\n\n\n<div class=\"wp-block-columns alignwide is-layout-flex wp-container-core-columns-is-layout-28f84493 wp-block-columns-is-layout-flex\">\n<div class=\"wp-block-column is-layout-flow wp-block-column-is-layout-flow\" style=\"flex-basis:100%\">\n<p class=\"has-text-align-justify has-raleway-font-family\" style=\"font-style:normal;font-weight:200\">We design experiences where cycling meets authenticity: challenging and captivating routes, unforgettable landscapes, a deep connection with local traditions, and the enjoyment of the finest cuisine and hospitality.<\/p>\n<\/div>\n<\/div>\n\n\n\n<div class=\"wp-block-columns alignwide is-layout-flex wp-container-core-columns-is-layout-28f84493 wp-block-columns-is-layout-flex\">\n<div class=\"wp-block-column is-layout-flow wp-block-column-is-layout-flow\" style=\"flex-basis:100%\">\n<p class=\"has-text-align-justify has-raleway-font-family\" style=\"font-style:normal;font-weight:200\">We combine professional-level organization with a personal touch that transforms each tour into a unique story. We offer more than just an adventure: we create unforgettable memories that inspire and transform.<\/p>\n<\/div>\n<\/div>\n\n\n\n<div class=\"wp-block-columns alignwide is-layout-flex wp-container-core-columns-is-layout-28f84493 wp-block-columns-is-layout-flex\">\n<div class=\"wp-block-column is-layout-flow wp-block-column-is-layout-flow\" style=\"flex-basis:100%\">\n<div class=\"wp-block-columns is-layout-flex wp-container-core-columns-is-layout-28f84493 wp-block-columns-is-layout-flex\">\n<div class=\"wp-block-column is-layout-flow wp-block-column-is-layout-flow\" style=\"flex-basis:100%\">\n<div class=\"wp-block-columns is-layout-flex wp-container-core-columns-is-layout-28f84493 wp-block-columns-is-layout-flex\">\n<div class=\"wp-block-column is-layout-flow wp-block-column-is-layout-flow\" style=\"flex-basis:100%\">\n<p class=\"has-text-align-justify has-raleway-font-family\" style=\"font-style:normal;font-weight:200\">At In Fuga, every trip is a tribute to the passion for pedaling, exploring, and living intensely.<\/p>\n<\/div>\n<\/div>\n<\/div>\n<\/div>\n<\/div>\n<\/div>\n\n\n\n<div class=\"wp-block-columns alignwide is-layout-flex wp-container-core-columns-is-layout-28f84493 wp-block-columns-is-layout-flex\">\n<div class=\"wp-block-column is-layout-flow wp-block-column-is-layout-flow\" style=\"flex-basis:100%\">\n<p class=\"has-text-align-center has-raleway-font-family\"><strong>This isn't just cycle touring. This is In Fuga.<\/strong><\/p>\n<\/div>\n<\/div>\n\n\n\n<div style=\"height:41px\" aria-hidden=\"true\" class=\"wp-block-spacer\"><\/div>\n\n\n\n<figure class=\"wp-block-image alignwide size-large\"><img data-recalc-dims=\"1\" decoding=\"async\" width=\"1024\" height=\"256\" src=\"https:\/\/i0.wp.com\/infugacicloturismo.com\/wp-content\/uploads\/2025\/01\/IG-INFUGA-2025.png?resize=1024%2C256&#038;ssl=1\" alt=\"\" class=\"wp-image-2131\" srcset=\"https:\/\/i0.wp.com\/infugacicloturismo.com\/wp-content\/uploads\/2025\/01\/IG-INFUGA-2025.png?resize=1024%2C256&amp;ssl=1 1024w, https:\/\/i0.wp.com\/infugacicloturismo.com\/wp-content\/uploads\/2025\/01\/IG-INFUGA-2025.png?resize=300%2C75&amp;ssl=1 300w, https:\/\/i0.wp.com\/infugacicloturismo.com\/wp-content\/uploads\/2025\/01\/IG-INFUGA-2025.png?resize=768%2C192&amp;ssl=1 768w, https:\/\/i0.wp.com\/infugacicloturismo.com\/wp-content\/uploads\/2025\/01\/IG-INFUGA-2025.png?resize=1536%2C384&amp;ssl=1 1536w, https:\/\/i0.wp.com\/infugacicloturismo.com\/wp-content\/uploads\/2025\/01\/IG-INFUGA-2025.png?resize=2048%2C512&amp;ssl=1 2048w, https:\/\/i0.wp.com\/infugacicloturismo.com\/wp-content\/uploads\/2025\/01\/IG-INFUGA-2025.png?resize=1200%2C300&amp;ssl=1 1200w, https:\/\/i0.wp.com\/infugacicloturismo.com\/wp-content\/uploads\/2025\/01\/IG-INFUGA-2025.png?w=3000&amp;ssl=1 3000w\" sizes=\"(max-width: 1000px) 100vw, 1000px\" \/><\/figure>\n\n\n\n<div class=\"wp-block-columns alignwide is-layout-flex wp-container-core-columns-is-layout-28f84493 wp-block-columns-is-layout-flex\">\n<div class=\"wp-block-column is-layout-flow wp-block-column-is-layout-flow\" style=\"flex-basis:100%\">\n<p class=\"has-raleway-font-family\"><strong>What makes us unique?<\/strong><\/p>\n<\/div>\n<\/div>\n\n\n\n<div class=\"wp-block-columns alignwide is-layout-flex wp-container-core-columns-is-layout-28f84493 wp-block-columns-is-layout-flex\">\n<div class=\"wp-block-column is-layout-flow wp-block-column-is-layout-flow\" style=\"flex-basis:100%\">\n<p class=\"has-raleway-font-family\" style=\"font-style:normal;font-weight:200\">At In Fuga, we believe that every detail counts. When we ride, only the best is good enough, and we've carried that philosophy into every aspect of our experiences.<\/p>\n<\/div>\n<\/div>\n\n\n\n<div class=\"wp-block-columns alignwide is-layout-flex wp-container-core-columns-is-layout-28f84493 wp-block-columns-is-layout-flex\">\n<div class=\"wp-block-column is-layout-flow wp-block-column-is-layout-flow\" style=\"flex-basis:100%\">\n<p class=\"has-raleway-font-family\" style=\"font-style:normal;font-weight:200\"><strong>Routes designed with passion<\/strong>Each tour is the result of deep local knowledge and a quest to offer the most impressive and challenging views.<br><strong>Experts at your service:<\/strong>Our team combines years of experience in cycle touring with an unparalleled dedication to personalized service.<br><strong>High-quality equipment<\/strong>: From state of the art bicycles to the comfort of the finest accommodations, everything is designed to exceed your expectations.<\/p>\n<\/div>\n<\/div>\n\n\n\n<div class=\"wp-block-columns alignwide is-layout-flex wp-container-core-columns-is-layout-28f84493 wp-block-columns-is-layout-flex\">\n<div class=\"wp-block-column is-layout-flow wp-block-column-is-layout-flow\" style=\"flex-basis:100%\">\n<p class=\"has-raleway-font-family\" style=\"font-style:normal;font-weight:200\">At In Fuga, we leave nothing to chance. Every little detail has been meticulously curated because we know that these differences pave the way to an unforgettable experience.<\/p>\n<\/div>\n<\/div>\n\n\n\n<div class=\"wp-block-columns alignwide is-layout-flex wp-container-core-columns-is-layout-28f84493 wp-block-columns-is-layout-flex\">\n<div class=\"wp-block-column is-layout-flow wp-block-column-is-layout-flow\" style=\"flex-basis:100%\">\n<p class=\"has-raleway-font-family\" style=\"font-style:normal;font-weight:200\"><strong>This isn't just cycling, it's living with purpose, passion, and perfection.<\/strong><\/p>\n<\/div>\n<\/div>\n\n\n\n<p><\/p>\n\n\n\n<div class=\"wp-block-media-text alignwide is-stacked-on-mobile\"><figure class=\"wp-block-media-text__media\"><img data-recalc-dims=\"1\" decoding=\"async\" width=\"1024\" height=\"683\" src=\"https:\/\/i0.wp.com\/infugacicloturismo.com\/wp-content\/uploads\/2025\/01\/OM-INFUGA.jpeg?resize=1024%2C683&#038;ssl=1\" alt=\"\" class=\"wp-image-2133 size-full\" srcset=\"https:\/\/i0.wp.com\/infugacicloturismo.com\/wp-content\/uploads\/2025\/01\/OM-INFUGA.jpeg?resize=1024%2C683&amp;ssl=1 1024w, https:\/\/i0.wp.com\/infugacicloturismo.com\/wp-content\/uploads\/2025\/01\/OM-INFUGA.jpeg?resize=300%2C200&amp;ssl=1 300w, https:\/\/i0.wp.com\/infugacicloturismo.com\/wp-content\/uploads\/2025\/01\/OM-INFUGA.jpeg?resize=768%2C512&amp;ssl=1 768w, https:\/\/i0.wp.com\/infugacicloturismo.com\/wp-content\/uploads\/2025\/01\/OM-INFUGA.jpeg?resize=1536%2C1024&amp;ssl=1 1536w, https:\/\/i0.wp.com\/infugacicloturismo.com\/wp-content\/uploads\/2025\/01\/OM-INFUGA.jpeg?resize=2048%2C1365&amp;ssl=1 2048w, https:\/\/i0.wp.com\/infugacicloturismo.com\/wp-content\/uploads\/2025\/01\/OM-INFUGA.jpeg?resize=1200%2C800&amp;ssl=1 1200w, https:\/\/i0.wp.com\/infugacicloturismo.com\/wp-content\/uploads\/2025\/01\/OM-INFUGA.jpeg?w=3000&amp;ssl=1 3000w\" sizes=\"(max-width: 1000px) 100vw, 1000px\" \/><\/figure><div class=\"wp-block-media-text__content\">\n<p class=\"has-raleway-font-family\" style=\"font-style:normal;font-weight:200\"><strong>BICYCLES<\/strong><\/p>\n\n\n\n<p class=\"has-text-align-justify has-raleway-font-family\" style=\"font-style:normal;font-weight:200\">Officine Mattio stands out for its excellence in design and performance. Its bicycles, crafted with a unique combination of craftsmanship and advanced technology, represent the very best in innovation and quality. Each model is a work of art, blending decades of experience with premium materials. And while you're with us, you'll have the opportunity to enjoy one of these luxury bikes on your tour.<\/p>\n<\/div><\/div>\n\n\n\n<div class=\"wp-block-media-text alignwide has-media-on-the-right is-stacked-on-mobile\"><div class=\"wp-block-media-text__content\">\n<p class=\"has-raleway-font-family\" style=\"font-style:normal;font-weight:200\"><strong>THE ROUTE<\/strong><\/p>\n\n\n\n<p class=\"has-text-align-justify has-raleway-font-family\" style=\"font-style:normal;font-weight:200\">No one knows these routes better than we do. We've trained on them, competed on them, and lived on them. Whether it's one of Europe's great climbs or a hidden gem only a lucky few know about, we guarantee you'll be in the best hands.<\/p>\n<\/div><figure class=\"wp-block-media-text__media\"><img data-recalc-dims=\"1\" loading=\"lazy\" decoding=\"async\" width=\"1024\" height=\"682\" src=\"https:\/\/i0.wp.com\/infugacicloturismo.com\/wp-content\/uploads\/2025\/01\/TAPPA4-063.jpg?resize=1024%2C682&#038;ssl=1\" alt=\"\" class=\"wp-image-2135 size-full\" srcset=\"https:\/\/i0.wp.com\/infugacicloturismo.com\/wp-content\/uploads\/2025\/01\/TAPPA4-063.jpg?resize=1024%2C682&amp;ssl=1 1024w, https:\/\/i0.wp.com\/infugacicloturismo.com\/wp-content\/uploads\/2025\/01\/TAPPA4-063.jpg?resize=300%2C200&amp;ssl=1 300w, https:\/\/i0.wp.com\/infugacicloturismo.com\/wp-content\/uploads\/2025\/01\/TAPPA4-063.jpg?resize=768%2C512&amp;ssl=1 768w, https:\/\/i0.wp.com\/infugacicloturismo.com\/wp-content\/uploads\/2025\/01\/TAPPA4-063.jpg?resize=1536%2C1023&amp;ssl=1 1536w, https:\/\/i0.wp.com\/infugacicloturismo.com\/wp-content\/uploads\/2025\/01\/TAPPA4-063.jpg?resize=2048%2C1364&amp;ssl=1 2048w, https:\/\/i0.wp.com\/infugacicloturismo.com\/wp-content\/uploads\/2025\/01\/TAPPA4-063.jpg?resize=1200%2C799&amp;ssl=1 1200w\" sizes=\"(max-width: 1000px) 100vw, 1000px\" \/><\/figure><\/div>\n\n\n\n<div class=\"wp-block-media-text alignwide is-stacked-on-mobile\"><figure class=\"wp-block-media-text__media\"><img data-recalc-dims=\"1\" loading=\"lazy\" decoding=\"async\" width=\"476\" height=\"310\" src=\"https:\/\/i0.wp.com\/infugacicloturismo.com\/wp-content\/uploads\/2025\/01\/Captura-de-pantalla-2025-01-05-a-las-13.03.35.png?resize=476%2C310&#038;ssl=1\" alt=\"\" class=\"wp-image-2139 size-full\" srcset=\"https:\/\/i0.wp.com\/infugacicloturismo.com\/wp-content\/uploads\/2025\/01\/Captura-de-pantalla-2025-01-05-a-las-13.03.35.png?w=476&amp;ssl=1 476w, https:\/\/i0.wp.com\/infugacicloturismo.com\/wp-content\/uploads\/2025\/01\/Captura-de-pantalla-2025-01-05-a-las-13.03.35.png?resize=300%2C195&amp;ssl=1 300w\" sizes=\"(max-width: 476px) 100vw, 476px\" \/><\/figure><div class=\"wp-block-media-text__content\">\n<p class=\"has-raleway-font-family\" style=\"font-style:normal;font-weight:200\"><br><strong>FOOD AND DRINK<\/strong><\/p>\n\n\n\n<p class=\"has-text-align-justify has-raleway-font-family\" style=\"font-style:normal;font-weight:200\">Food is at the heart of everything we do. Hungry cyclists don't make happy cyclists, which is why we indulge in the best the region has to offer, fueling our rides with delicious local cuisine and capping off epic days with a glass of wine and a toast to future adventures.<\/p>\n<\/div><\/div>\n\n\n\n<div class=\"wp-block-media-text alignwide has-media-on-the-right is-stacked-on-mobile\"><div class=\"wp-block-media-text__content\">\n<p class=\"has-raleway-font-family\" style=\"font-style:normal;font-weight:200\"><strong>EQUIPMENT<\/strong><\/p>\n\n\n\n<p class=\"has-text-align-justify has-raleway-font-family\" style=\"font-style:normal;font-weight:200\">Pissei is an Italian luxury cycling apparel brand known for its commitment to quality and innovation. Designed and manufactured in Italy, each garment combines advanced technology with stylish and functional design. With Pissei, we provide the best in high-performance apparel, ensuring that every ride is comfortable, stylish, and full of comfort.<\/p>\n<\/div><figure class=\"wp-block-media-text__media\"><img data-recalc-dims=\"1\" loading=\"lazy\" decoding=\"async\" width=\"1024\" height=\"683\" src=\"https:\/\/i0.wp.com\/infugacicloturismo.com\/wp-content\/uploads\/2025\/01\/TAPPA1-IF-005.jpg?resize=1024%2C683&#038;ssl=1\" alt=\"\" class=\"wp-image-2140 size-full\" srcset=\"https:\/\/i0.wp.com\/infugacicloturismo.com\/wp-content\/uploads\/2025\/01\/TAPPA1-IF-005.jpg?resize=1024%2C683&amp;ssl=1 1024w, https:\/\/i0.wp.com\/infugacicloturismo.com\/wp-content\/uploads\/2025\/01\/TAPPA1-IF-005.jpg?resize=300%2C200&amp;ssl=1 300w, https:\/\/i0.wp.com\/infugacicloturismo.com\/wp-content\/uploads\/2025\/01\/TAPPA1-IF-005.jpg?resize=768%2C512&amp;ssl=1 768w, https:\/\/i0.wp.com\/infugacicloturismo.com\/wp-content\/uploads\/2025\/01\/TAPPA1-IF-005.jpg?resize=1536%2C1024&amp;ssl=1 1536w, https:\/\/i0.wp.com\/infugacicloturismo.com\/wp-content\/uploads\/2025\/01\/TAPPA1-IF-005.jpg?resize=2048%2C1365&amp;ssl=1 2048w, https:\/\/i0.wp.com\/infugacicloturismo.com\/wp-content\/uploads\/2025\/01\/TAPPA1-IF-005.jpg?resize=1200%2C800&amp;ssl=1 1200w, https:\/\/i0.wp.com\/infugacicloturismo.com\/wp-content\/uploads\/2025\/01\/TAPPA1-IF-005.jpg?w=3000&amp;ssl=1 3000w\" sizes=\"(max-width: 1000px) 100vw, 1000px\" \/><\/figure><\/div>\n\n\n\n<div class=\"wp-block-media-text alignwide is-stacked-on-mobile\"><figure class=\"wp-block-media-text__media\"><img data-recalc-dims=\"1\" loading=\"lazy\" decoding=\"async\" width=\"1024\" height=\"683\" src=\"https:\/\/i0.wp.com\/infugacicloturismo.com\/wp-content\/uploads\/2025\/01\/TAPPA4-127.jpg?resize=1024%2C683&#038;ssl=1\" alt=\"\" class=\"wp-image-2142 size-full\" srcset=\"https:\/\/i0.wp.com\/infugacicloturismo.com\/wp-content\/uploads\/2025\/01\/TAPPA4-127.jpg?resize=1024%2C683&amp;ssl=1 1024w, https:\/\/i0.wp.com\/infugacicloturismo.com\/wp-content\/uploads\/2025\/01\/TAPPA4-127.jpg?resize=300%2C200&amp;ssl=1 300w, https:\/\/i0.wp.com\/infugacicloturismo.com\/wp-content\/uploads\/2025\/01\/TAPPA4-127.jpg?resize=768%2C512&amp;ssl=1 768w, https:\/\/i0.wp.com\/infugacicloturismo.com\/wp-content\/uploads\/2025\/01\/TAPPA4-127.jpg?resize=1536%2C1024&amp;ssl=1 1536w, https:\/\/i0.wp.com\/infugacicloturismo.com\/wp-content\/uploads\/2025\/01\/TAPPA4-127.jpg?resize=2048%2C1365&amp;ssl=1 2048w, https:\/\/i0.wp.com\/infugacicloturismo.com\/wp-content\/uploads\/2025\/01\/TAPPA4-127.jpg?resize=1200%2C800&amp;ssl=1 1200w, https:\/\/i0.wp.com\/infugacicloturismo.com\/wp-content\/uploads\/2025\/01\/TAPPA4-127.jpg?w=3000&amp;ssl=1 3000w\" sizes=\"(max-width: 1000px) 100vw, 1000px\" \/><\/figure><div class=\"wp-block-media-text__content\">\n<p class=\"has-raleway-font-family\" style=\"font-style:normal;font-weight:200\"><strong>LOCAL KNOWLEDGE<\/strong><\/p>\n\n\n\n<p class=\"has-text-align-justify has-raleway-font-family\" style=\"font-style:normal;font-weight:200\">We pride ourselves on our deep local knowledge and passion for culture and cuisine, combined with an innate understanding of cyclists' needs. When you ride with us, we make sure to show you how the locals really live, offering you an authentic experience that goes beyond cycling.<\/p>\n<\/div><\/div>\n\n\n\n<div class=\"wp-block-media-text alignwide has-media-on-the-right is-stacked-on-mobile\"><div class=\"wp-block-media-text__content\">\n<p class=\"has-raleway-font-family\" style=\"font-style:normal;font-weight:200\"><strong>GUIDES<\/strong><\/p>\n\n\n\n<p class=\"has-text-align-justify has-raleway-font-family\" style=\"font-style:normal;font-weight:200\">Our guides spare no effort to make your trip an unforgettable adventure. Whether it's helping you with the local language or giving you a friendly push on the final climb of a big day, we'll always be there to ensure you have the best possible experience.<\/p>\n<\/div><figure class=\"wp-block-media-text__media\"><img data-recalc-dims=\"1\" loading=\"lazy\" decoding=\"async\" width=\"1024\" height=\"683\" src=\"https:\/\/i0.wp.com\/infugacicloturismo.com\/wp-content\/uploads\/2025\/01\/TAPPA4-013.jpg?resize=1024%2C683&#038;ssl=1\" alt=\"\" class=\"wp-image-2144 size-full\" srcset=\"https:\/\/i0.wp.com\/infugacicloturismo.com\/wp-content\/uploads\/2025\/01\/TAPPA4-013.jpg?resize=1024%2C683&amp;ssl=1 1024w, https:\/\/i0.wp.com\/infugacicloturismo.com\/wp-content\/uploads\/2025\/01\/TAPPA4-013.jpg?resize=300%2C200&amp;ssl=1 300w, https:\/\/i0.wp.com\/infugacicloturismo.com\/wp-content\/uploads\/2025\/01\/TAPPA4-013.jpg?resize=768%2C512&amp;ssl=1 768w, https:\/\/i0.wp.com\/infugacicloturismo.com\/wp-content\/uploads\/2025\/01\/TAPPA4-013.jpg?resize=1536%2C1024&amp;ssl=1 1536w, https:\/\/i0.wp.com\/infugacicloturismo.com\/wp-content\/uploads\/2025\/01\/TAPPA4-013.jpg?resize=2048%2C1365&amp;ssl=1 2048w, https:\/\/i0.wp.com\/infugacicloturismo.com\/wp-content\/uploads\/2025\/01\/TAPPA4-013.jpg?resize=1200%2C800&amp;ssl=1 1200w, https:\/\/i0.wp.com\/infugacicloturismo.com\/wp-content\/uploads\/2025\/01\/TAPPA4-013.jpg?w=3000&amp;ssl=1 3000w\" sizes=\"(max-width: 1000px) 100vw, 1000px\" \/><\/figure><\/div>\n\n\n\n<div class=\"wp-block-media-text alignwide is-stacked-on-mobile\" style=\"grid-template-columns:49% auto\"><figure class=\"wp-block-media-text__media\"><img data-recalc-dims=\"1\" loading=\"lazy\" decoding=\"async\" width=\"476\" height=\"318\" src=\"https:\/\/i0.wp.com\/infugacicloturismo.com\/wp-content\/uploads\/2025\/01\/Captura-de-pantalla-2025-01-05-a-las-13.07.30.png?resize=476%2C318&#038;ssl=1\" alt=\"\" class=\"wp-image-2146 size-full\" srcset=\"https:\/\/i0.wp.com\/infugacicloturismo.com\/wp-content\/uploads\/2025\/01\/Captura-de-pantalla-2025-01-05-a-las-13.07.30.png?w=476&amp;ssl=1 476w, https:\/\/i0.wp.com\/infugacicloturismo.com\/wp-content\/uploads\/2025\/01\/Captura-de-pantalla-2025-01-05-a-las-13.07.30.png?resize=300%2C200&amp;ssl=1 300w\" sizes=\"(max-width: 476px) 100vw, 476px\" \/><\/figure><div class=\"wp-block-media-text__content\">\n<p class=\"has-raleway-font-family\" style=\"font-style:normal;font-weight:200\"><strong>MECHANICS<\/strong><\/p>\n\n\n\n<p class=\"has-text-align-justify has-raleway-font-family\" style=\"font-style:normal;font-weight:200\">The best cyclist in the world is nothing without a good mechanic, and even the most expensive bike loses value if it's not properly cared for. Our team has worked with professional teams and is now dedicated to providing you with the same level of care and attention to keep your bike in top condition.<\/p>\n<\/div><\/div>\n\n\n\n<div class=\"wp-block-media-text alignwide has-media-on-the-right is-stacked-on-mobile\"><div class=\"wp-block-media-text__content\">\n<p class=\"has-raleway-font-family\" style=\"font-style:normal;font-weight:200\"><strong>PROFESSIONAL PHOTOGRAPHER<\/strong><\/p>\n\n\n\n<p class=\"has-text-align-justify has-raleway-font-family\" style=\"font-style:normal;font-weight:200\">A good photographer can transform a simple moment into an unforgettable memory, and at InFuga, our professional photographer is dedicated to capturing every minute of your adventure. With an expert eye, he'll know how to immortalize the essence of each journey, from the most breathtaking landscapes to the most intimate details of the trip.<\/p>\n<\/div><figure class=\"wp-block-media-text__media\"><img data-recalc-dims=\"1\" loading=\"lazy\" decoding=\"async\" width=\"812\" height=\"546\" src=\"https:\/\/i0.wp.com\/infugacicloturismo.com\/wp-content\/uploads\/2025\/07\/Imagen-de-WhatsApp-2025-06-06-a-las-14.17.28_9452aaa4.jpg?resize=812%2C546&#038;ssl=1\" alt=\"\" class=\"wp-image-3324 size-full\" srcset=\"https:\/\/i0.wp.com\/infugacicloturismo.com\/wp-content\/uploads\/2025\/07\/Imagen-de-WhatsApp-2025-06-06-a-las-14.17.28_9452aaa4.jpg?w=812&amp;ssl=1 812w, https:\/\/i0.wp.com\/infugacicloturismo.com\/wp-content\/uploads\/2025\/07\/Imagen-de-WhatsApp-2025-06-06-a-las-14.17.28_9452aaa4.jpg?resize=300%2C202&amp;ssl=1 300w, https:\/\/i0.wp.com\/infugacicloturismo.com\/wp-content\/uploads\/2025\/07\/Imagen-de-WhatsApp-2025-06-06-a-las-14.17.28_9452aaa4.jpg?resize=768%2C516&amp;ssl=1 768w, https:\/\/i0.wp.com\/infugacicloturismo.com\/wp-content\/uploads\/2025\/07\/Imagen-de-WhatsApp-2025-06-06-a-las-14.17.28_9452aaa4.jpg?resize=18%2C12&amp;ssl=1 18w, https:\/\/i0.wp.com\/infugacicloturismo.com\/wp-content\/uploads\/2025\/07\/Imagen-de-WhatsApp-2025-06-06-a-las-14.17.28_9452aaa4.jpg?resize=600%2C403&amp;ssl=1 600w\" sizes=\"(max-width: 812px) 100vw, 812px\" \/><\/figure><\/div>","protected":false},"excerpt":{"rendered":"<p>Misi\u00f3n Una semana perfecta sobre la bicicleta, lejos de las rutinas estrictas y las metas inalcanzables, donde cada kil\u00f3metro sea una celebraci\u00f3n de la libertad, la naturaleza y la cultura. Dise\u00f1amos experiencias donde el ciclismo se encuentra con la autenticidad: rutas desafiantes y cautivadoras, paisajes inolvidables, una profunda conexi\u00f3n con las tradiciones locales y el [&hellip;]<\/p>","protected":false},"author":240942074,"featured_media":0,"parent":0,"menu_order":0,"comment_status":"closed","ping_status":"closed","template":"","meta":{"ub_ctt_via":"","advanced_seo_description":"","jetpack_seo_html_title":"","jetpack_seo_noindex":false,"jetpack_post_was_ever_published":false,"footnotes":""},"class_list":["post-2121","page","type-page","status-publish","hentry"],"featured_image_src":null,"jetpack_likes_enabled":true,"jetpack_sharing_enabled":true,"jetpack_shortlink":"https:\/\/wp.me\/Pfbut4-yd","jetpack-related-posts":[],"_links":{"self":[{"href":"https:\/\/infugacicloturismo.com\/en\/wp-json\/wp\/v2\/pages\/2121","targetHints":{"allow":["GET"]}}],"collection":[{"href":"https:\/\/infugacicloturismo.com\/en\/wp-json\/wp\/v2\/pages"}],"about":[{"href":"https:\/\/infugacicloturismo.com\/en\/wp-json\/wp\/v2\/types\/page"}],"author":[{"embeddable":true,"href":"https:\/\/infugacicloturismo.com\/en\/wp-json\/wp\/v2\/users\/240942074"}],"replies":[{"embeddable":true,"href":"https:\/\/infugacicloturismo.com\/en\/wp-json\/wp\/v2\/comments?post=2121"}],"version-history":[{"count":0,"href":"https:\/\/infugacicloturismo.com\/en\/wp-json\/wp\/v2\/pages\/2121\/revisions"}],"wp:attachment":[{"href":"https:\/\/infugacicloturismo.com\/en\/wp-json\/wp\/v2\/media?parent=2121"}],"curies":[{"name":"wp","href":"https:\/\/api.w.org\/{rel}","templated":true}]}}