{"id":3295,"date":"2025-07-06T22:59:10","date_gmt":"2025-07-06T20:59:10","guid":{"rendered":"https:\/\/infugacicloturismo.com\/?post_type=product&#038;p=3295"},"modified":"2025-07-15T03:20:28","modified_gmt":"2025-07-15T01:20:28","slug":"reserva-dolomitas","status":"publish","type":"product","link":"https:\/\/infugacicloturismo.com\/en\/product\/reserva-dolomitas\/","title":{"rendered":"Reserva Dolomitas Sept 2026"},"content":{"rendered":"<p data-start=\"255\" data-end=\"350\"><strong data-start=\"255\" data-end=\"350\">\u00a1Bienvenidos a una experiencia \u00fanica de cicloturismo por las majestuosas Dolomitas, Italia!<\/strong><\/p>\n<p data-start=\"352\" data-end=\"567\">Prep\u00e1rate para pedalear a trav\u00e9s de uno de los paisajes m\u00e1s impresionantes del mundo, coronando los <strong data-start=\"452\" data-end=\"472\">puertos ic\u00f3nicos<\/strong> que han hecho de esta regi\u00f3n un destino legendario para los verdaderos fan\u00e1ticos del ciclismo.<\/p>\n<p data-start=\"569\" data-end=\"850\"><strong data-start=\"572\" data-end=\"590\">Ruta destacada<\/strong><br data-start=\"590\" data-end=\"593\" \/>Esta aventura de 8 d\u00edas comienza en <strong data-start=\"629\" data-end=\"639\">Bormio<\/strong>, atraviesa la vibrante ciudad de <strong data-start=\"673\" data-end=\"684\">Bolzano<\/strong> y culmina en la espectacular <strong data-start=\"714\" data-end=\"728\">Alta Badia<\/strong>. Son m\u00e1s de <strong data-start=\"741\" data-end=\"797\">600 kil\u00f3metros de rutas cuidadosamente seleccionadas<\/strong>, que te llevar\u00e1n a conquistar ascensos m\u00edticos como:<\/p>\n<ul data-start=\"852\" data-end=\"937\">\n<li data-start=\"852\" data-end=\"867\">\n<p data-start=\"854\" data-end=\"867\">Passo Gavia<\/p>\n<\/li>\n<li data-start=\"868\" data-end=\"881\">\n<p data-start=\"870\" data-end=\"881\">Mortirolo<\/p>\n<\/li>\n<li data-start=\"882\" data-end=\"893\">\n<p data-start=\"884\" data-end=\"893\">Stelvio<\/p>\n<\/li>\n<li data-start=\"894\" data-end=\"904\">\n<p data-start=\"896\" data-end=\"904\">Pordoi<\/p>\n<\/li>\n<li data-start=\"905\" data-end=\"937\">\n<p data-start=\"907\" data-end=\"937\">Passo Gardena<br data-start=\"920\" data-end=\"923\" \/>\u00a1Y muchos m\u00e1s!<\/p>\n<\/li>\n<\/ul>\n<p data-start=\"939\" data-end=\"1109\"><strong data-start=\"942\" data-end=\"968\">Cada d\u00eda es una postal<\/strong><br data-start=\"968\" data-end=\"971\" \/>Recorrer\u00e1s carreteras serpenteantes rodeadas de paisajes \u00fanicos, valles verdes y pueblos alpinos que capturan la esencia de las Dolomitas.<\/p>\n<p data-start=\"1111\" data-end=\"1312\"><strong data-start=\"1114\" data-end=\"1153\">Tambi\u00e9n hay sabor<\/strong><br data-start=\"1153\" data-end=\"1156\" \/>Despu\u00e9s de cada etapa, disfrutar\u00e1s de la aut\u00e9ntica <strong data-start=\"1207\" data-end=\"1230\">hospitalidad alpina<\/strong>, la exquisita <strong data-start=\"1245\" data-end=\"1266\">gastronom\u00eda local<\/strong> y el merecido descanso con vistas de ensue\u00f1o.<\/p>\n<p data-start=\"1314\" data-end=\"1526\"><strong data-start=\"1317\" data-end=\"1350\">\u00bfEst\u00e1s listo para el desaf\u00edo?<\/strong><br data-start=\"1350\" data-end=\"1353\" \/>Vive una aventura inolvidable que combina esfuerzo, belleza natural y una conexi\u00f3n profunda con la monta\u00f1a.<br data-start=\"1460\" data-end=\"1463\" \/><strong data-start=\"1463\" data-end=\"1526\">\u00a1Te esperamos para conquistar las cumbres de las Dolomitas!<\/strong><\/p>","protected":false},"excerpt":{"rendered":"<p>Tour en Bicicleta por las Dolomitas \u2013 8 d\u00edas de \u00e9pica ciclista en los Alpes italianos<\/p>","protected":false},"featured_media":3296,"comment_status":"open","ping_status":"closed","template":"","meta":{"ub_ctt_via":"","advanced_seo_description":"","jetpack_seo_html_title":"","jetpack_seo_noindex":false,"jetpack_post_was_ever_published":false,"jetpack_publicize_message":"","jetpack_publicize_feature_enabled":true,"jetpack_social_post_already_shared":true,"jetpack_social_options":{"image_generator_settings":{"template":"highway","default_image_id":0,"enabled":false},"version":2}},"product_brand":[],"product_cat":[],"product_tag":[121868,121867],"class_list":{"0":"post-3295","1":"product","2":"type-product","3":"status-publish","4":"has-post-thumbnail","6":"product_tag-dolomitas","7":"product_tag-reserva","9":"first","10":"instock","11":"virtual","12":"purchasable","13":"product-type-simple"},"jetpack_publicize_connections":[],"jetpack_likes_enabled":true,"jetpack_sharing_enabled":true,"jetpack-related-posts":[],"_links":{"self":[{"href":"https:\/\/infugacicloturismo.com\/en\/wp-json\/wp\/v2\/product\/3295","targetHints":{"allow":["GET"]}}],"collection":[{"href":"https:\/\/infugacicloturismo.com\/en\/wp-json\/wp\/v2\/product"}],"about":[{"href":"https:\/\/infugacicloturismo.com\/en\/wp-json\/wp\/v2\/types\/product"}],"replies":[{"embeddable":true,"href":"https:\/\/infugacicloturismo.com\/en\/wp-json\/wp\/v2\/comments?post=3295"}],"wp:featuredmedia":[{"embeddable":true,"href":"https:\/\/infugacicloturismo.com\/en\/wp-json\/wp\/v2\/media\/3296"}],"wp:attachment":[{"href":"https:\/\/infugacicloturismo.com\/en\/wp-json\/wp\/v2\/media?parent=3295"}],"wp:term":[{"taxonomy":"product_brand","embeddable":true,"href":"https:\/\/infugacicloturismo.com\/en\/wp-json\/wp\/v2\/product_brand?post=3295"},{"taxonomy":"product_cat","embeddable":true,"href":"https:\/\/infugacicloturismo.com\/en\/wp-json\/wp\/v2\/product_cat?post=3295"},{"taxonomy":"product_tag","embeddable":true,"href":"https:\/\/infugacicloturismo.com\/en\/wp-json\/wp\/v2\/product_tag?post=3295"}],"curies":[{"name":"wp","href":"https:\/\/api.w.org\/{rel}","templated":true}]}}