{"id":3297,"date":"2025-07-06T23:11:20","date_gmt":"2025-07-06T21:11:20","guid":{"rendered":"https:\/\/infugacicloturismo.com\/?post_type=product&#038;p=3297"},"modified":"2025-07-15T03:19:59","modified_gmt":"2025-07-15T01:19:59","slug":"reserva-emilia-romagna","status":"publish","type":"product","link":"https:\/\/infugacicloturismo.com\/en\/product\/reserva-emilia-romagna\/","title":{"rendered":"Reserva Emilia Romagna Oct 2026"},"content":{"rendered":"<p data-start=\"255\" data-end=\"350\"><strong data-start=\"255\" data-end=\"350\">\u00a1Bienvenidos a una experiencia \u00fanica de cicloturismo por la Region de Emilia Romagna\u00a0 !<\/strong><\/p>\n<h3 data-start=\"182\" data-end=\"252\">Tour Grand D\u00e9part Italia \u2013 Del Renacimiento al ciclismo \u00e9pico<\/h3>\n<p data-start=\"254\" data-end=\"360\"><strong data-start=\"254\" data-end=\"360\">Emb\u00e1rcate en un viaje \u00fanico a trav\u00e9s de la historia, la cultura y la pasi\u00f3n por el ciclismo en Italia.<\/strong><\/p>\n<p data-start=\"362\" data-end=\"559\">Comenzando en la m\u00e1gica ciudad de <strong data-start=\"396\" data-end=\"409\">Florencia<\/strong>, cuna del Renacimiento, pedalear\u00e1s por las rutas ic\u00f3nicas del <strong data-start=\"472\" data-end=\"512\">Grand D\u00e9part del Tour de France 2024<\/strong>, siguiendo los pasos de los grandes campeones.<\/p>\n<p data-start=\"561\" data-end=\"818\"><strong data-start=\"567\" data-end=\"610\">600 kil\u00f3metros de pura emoci\u00f3n ciclista<\/strong><br data-start=\"610\" data-end=\"613\" \/>El recorrido atraviesa la fascinante regi\u00f3n de <strong data-start=\"660\" data-end=\"677\">Emilia-Roma\u00f1a<\/strong>, famosa por su gastronom\u00eda incomparable, sus colinas ondulantes y puertos de monta\u00f1a legendarios que pondr\u00e1n a prueba tu esp\u00edritu deportivo.<\/p>\n<p data-start=\"820\" data-end=\"1101\"><strong data-start=\"823\" data-end=\"848\">Gran final con estilo<\/strong><br data-start=\"848\" data-end=\"851\" \/>Tu aventura culmina con <strong data-start=\"875\" data-end=\"909\">acceso VIP al Giro dell\u2019Emilia<\/strong>, una de las cl\u00e1sicas italianas m\u00e1s emocionantes. Sentir\u00e1s la adrenalina de la m\u00edtica subida al <strong data-start=\"1005\" data-end=\"1030\">Sanctuary of San Luca<\/strong> y vivir\u00e1s desde la primera fila la emoci\u00f3n de una carrera profesional.<\/p>\n<p data-start=\"1103\" data-end=\"1414\"><strong data-start=\"1106\" data-end=\"1140\">Ciclismo con ra\u00edces hist\u00f3ricas<\/strong><br data-start=\"1140\" data-end=\"1143\" \/>Las regiones de Toscana y Emilia-Roma\u00f1a no solo est\u00e1n conectadas por los <strong data-start=\"1216\" data-end=\"1244\">Alpes Apuanos y Apeninos<\/strong>, sino tambi\u00e9n por su profunda tradici\u00f3n ciclista. De estas tierras nacieron tres leyendas del Tour de Francia: <strong data-start=\"1356\" data-end=\"1372\">Gino Bartali<\/strong>, <strong data-start=\"1374\" data-end=\"1393\">Gastone Nencini<\/strong> y <strong data-start=\"1396\" data-end=\"1413\">Marco Pantani<\/strong>.<\/p>","protected":false},"excerpt":{"rendered":"<p>Grand D\u00e9part Italia: Tour en Bicicleta de Florencia a Emilia-Romagna \u2013 8 d\u00edas de \u00e9pica ciclismo por lugares legendarios.<\/p>","protected":false},"featured_media":3298,"comment_status":"open","ping_status":"closed","template":"","meta":{"ub_ctt_via":"","advanced_seo_description":"","jetpack_seo_html_title":"","jetpack_seo_noindex":false,"jetpack_post_was_ever_published":false,"jetpack_publicize_message":"","jetpack_publicize_feature_enabled":true,"jetpack_social_post_already_shared":true,"jetpack_social_options":{"image_generator_settings":{"template":"highway","default_image_id":0,"enabled":false},"version":2}},"product_brand":[],"product_cat":[],"product_tag":[121869,121867],"class_list":{"0":"post-3297","1":"product","2":"type-product","3":"status-publish","4":"has-post-thumbnail","6":"product_tag-emilia-romagna","7":"product_tag-reserva","9":"first","10":"instock","11":"virtual","12":"purchasable","13":"product-type-simple"},"jetpack_publicize_connections":[],"jetpack_likes_enabled":true,"jetpack_sharing_enabled":true,"jetpack-related-posts":[],"_links":{"self":[{"href":"https:\/\/infugacicloturismo.com\/en\/wp-json\/wp\/v2\/product\/3297","targetHints":{"allow":["GET"]}}],"collection":[{"href":"https:\/\/infugacicloturismo.com\/en\/wp-json\/wp\/v2\/product"}],"about":[{"href":"https:\/\/infugacicloturismo.com\/en\/wp-json\/wp\/v2\/types\/product"}],"replies":[{"embeddable":true,"href":"https:\/\/infugacicloturismo.com\/en\/wp-json\/wp\/v2\/comments?post=3297"}],"wp:featuredmedia":[{"embeddable":true,"href":"https:\/\/infugacicloturismo.com\/en\/wp-json\/wp\/v2\/media\/3298"}],"wp:attachment":[{"href":"https:\/\/infugacicloturismo.com\/en\/wp-json\/wp\/v2\/media?parent=3297"}],"wp:term":[{"taxonomy":"product_brand","embeddable":true,"href":"https:\/\/infugacicloturismo.com\/en\/wp-json\/wp\/v2\/product_brand?post=3297"},{"taxonomy":"product_cat","embeddable":true,"href":"https:\/\/infugacicloturismo.com\/en\/wp-json\/wp\/v2\/product_cat?post=3297"},{"taxonomy":"product_tag","embeddable":true,"href":"https:\/\/infugacicloturismo.com\/en\/wp-json\/wp\/v2\/product_tag?post=3297"}],"curies":[{"name":"wp","href":"https:\/\/api.w.org\/{rel}","templated":true}]}}