{"id":1627,"date":"2025-03-17T02:42:09","date_gmt":"2025-03-17T01:42:09","guid":{"rendered":"https:\/\/infugacicloturismo.com\/?page_id=1627"},"modified":"2025-07-17T01:25:48","modified_gmt":"2025-07-16T23:25:48","slug":"equipo","status":"publish","type":"page","link":"https:\/\/infugacicloturismo.com\/es\/equipo\/","title":{"rendered":"Nuestro equipo"},"content":{"rendered":"\n<div class=\"wp-block-group alignfull is-style-section-2 has-global-padding is-content-justification-center is-layout-constrained wp-container-core-group-is-layout-ad781b73 wp-block-group-is-layout-constrained\" style=\"margin-top:0;margin-bottom:0;padding-top:var(--wp--preset--spacing--50);padding-bottom:var(--wp--preset--spacing--50)\">\n<div class=\"wp-block-group alignwide is-layout-flow wp-block-group-is-layout-flow\">\n<div class=\"wp-block-group alignwide is-layout-flow wp-block-group-is-layout-flow\">\n<div class=\"wp-block-columns alignwide is-layout-flex wp-container-core-columns-is-layout-3971d7d7 wp-block-columns-is-layout-flex\">\n<div class=\"wp-block-column is-layout-flow wp-container-core-column-is-layout-f5bb311e wp-block-column-is-layout-flow\">\n<figure class=\"wp-block-image aligncenter size-full is-style-rounded\"><img data-recalc-dims=\"1\" fetchpriority=\"high\" decoding=\"async\" width=\"939\" height=\"1112\" data-attachment-id=\"1711\" data-permalink=\"https:\/\/infugacicloturismo.com\/es\/giro_rv_farellones_-027_edited-5\/\" data-orig-file=\"https:\/\/i0.wp.com\/infugacicloturismo.com\/wp-content\/uploads\/2024\/07\/giro_rv_farellones_-027_edited-edited-3.jpg?fit=939%2C1112&amp;ssl=1\" data-orig-size=\"939,1112\" data-comments-opened=\"1\" data-image-meta=\"{&quot;aperture&quot;:&quot;0&quot;,&quot;credit&quot;:&quot;&quot;,&quot;camera&quot;:&quot;&quot;,&quot;caption&quot;:&quot;&quot;,&quot;created_timestamp&quot;:&quot;0&quot;,&quot;copyright&quot;:&quot;&quot;,&quot;focal_length&quot;:&quot;0&quot;,&quot;iso&quot;:&quot;0&quot;,&quot;shutter_speed&quot;:&quot;0&quot;,&quot;title&quot;:&quot;&quot;,&quot;orientation&quot;:&quot;0&quot;}\" data-image-title=\"GIRO_RV_FARELLONES_-027_edited\" data-image-description=\"\" data-image-caption=\"\" data-medium-file=\"https:\/\/i0.wp.com\/infugacicloturismo.com\/wp-content\/uploads\/2024\/07\/giro_rv_farellones_-027_edited-edited-3.jpg?fit=253%2C300&amp;ssl=1\" data-large-file=\"https:\/\/i0.wp.com\/infugacicloturismo.com\/wp-content\/uploads\/2024\/07\/giro_rv_farellones_-027_edited-edited-3.jpg?fit=865%2C1024&amp;ssl=1\" src=\"https:\/\/i0.wp.com\/infugacicloturismo.com\/wp-content\/uploads\/2024\/07\/giro_rv_farellones_-027_edited-edited-3.jpg?resize=939%2C1112&#038;ssl=1\" alt=\"\" class=\"wp-image-1711\" style=\"aspect-ratio:1;object-fit:cover\"\/><\/figure>\n\n\n\n<h3 class=\"wp-block-heading has-text-align-center has-small-font-size\"><strong>Romano Moreno<\/strong><\/h3>\n\n\n\n<p>                     <strong>Coach de Ciclismo <\/strong><\/p>\n\n\n\n<p>              Especialista en Ironman y Ruta<\/p>\n\n\n\n<p class=\"has-text-align-justify\">Entrenador con amplia trayectoria en el mundo del triatl\u00f3n y el ciclismo de ruta. Cuenta con una s\u00f3lida experiencia preparando atletas para competencias de alto rendimiento, incluyendo m\u00faltiples ediciones de Ironman y medios Ironman. Su enfoque combina estrategias avanzadas de entrenamiento, planificaci\u00f3n personalizada y conocimiento profundo de la exigencia f\u00edsica y mental que implica la larga distancia.<\/p>\n\n\n\n<p class=\"has-text-align-justify\">Especialista en trabajo por potencia, an\u00e1lisis de m\u00e9tricas y optimizaci\u00f3n de rendimiento tanto en ciclismo en solitario como en entrenamientos grupales. Conoce en detalle la din\u00e1mica de la ruta, desde la t\u00e9cnica en ascensos y descensos hasta la nutrici\u00f3n e hidrataci\u00f3n en competencia.<\/p>\n\n\n\n<p class=\"has-text-align-justify\">Apasionado por el desarrollo deportivo integral, acompa\u00f1a a sus atletas en cada etapa del proceso, desde sus primeras rodadas hasta alcanzar sus mejores marcas personales.<\/p>\n<\/div>\n\n\n\n<div class=\"wp-block-column is-vertically-aligned-center is-layout-flow wp-container-core-column-is-layout-0d98cbc5 wp-block-column-is-layout-flow\" style=\"padding-top:0;padding-right:var(--wp--preset--spacing--50);padding-bottom:0;padding-left:var(--wp--preset--spacing--50)\">\n<figure class=\"wp-block-image aligncenter size-full is-resized is-style-rounded\"><img data-recalc-dims=\"1\" decoding=\"async\" width=\"1839\" height=\"1742\" data-attachment-id=\"1622\" data-permalink=\"https:\/\/infugacicloturismo.com\/es\/_mg_9828_edited\/\" data-orig-file=\"https:\/\/i0.wp.com\/infugacicloturismo.com\/wp-content\/uploads\/2024\/07\/mg_9828_edited.jpg?fit=1839%2C1742&amp;ssl=1\" data-orig-size=\"1839,1742\" data-comments-opened=\"1\" data-image-meta=\"{&quot;aperture&quot;:&quot;0&quot;,&quot;credit&quot;:&quot;&quot;,&quot;camera&quot;:&quot;&quot;,&quot;caption&quot;:&quot;&quot;,&quot;created_timestamp&quot;:&quot;0&quot;,&quot;copyright&quot;:&quot;&quot;,&quot;focal_length&quot;:&quot;0&quot;,&quot;iso&quot;:&quot;0&quot;,&quot;shutter_speed&quot;:&quot;0&quot;,&quot;title&quot;:&quot;&quot;,&quot;orientation&quot;:&quot;0&quot;}\" data-image-title=\"_MG_9828_edited\" data-image-description=\"\" data-image-caption=\"\" data-medium-file=\"https:\/\/i0.wp.com\/infugacicloturismo.com\/wp-content\/uploads\/2024\/07\/mg_9828_edited.jpg?fit=300%2C284&amp;ssl=1\" data-large-file=\"https:\/\/i0.wp.com\/infugacicloturismo.com\/wp-content\/uploads\/2024\/07\/mg_9828_edited.jpg?fit=1024%2C970&amp;ssl=1\" src=\"https:\/\/i0.wp.com\/infugacicloturismo.com\/wp-content\/uploads\/2024\/07\/mg_9828_edited.jpg?resize=1839%2C1742&#038;ssl=1\" alt=\"\" class=\"wp-image-1622\" style=\"aspect-ratio:1;object-fit:cover;width:330px;height:auto\"\/><\/figure>\n\n\n\n<h3 class=\"wp-block-heading has-text-align-center has-small-font-size\"><strong>Valentina Vald\u00e9s<\/strong><\/h3>\n\n\n\n<p class=\"has-text-align-center\"><strong>Nutricionista Deportiva <\/strong><\/p>\n\n\n\n<p class=\"has-text-align-center\"> Especialista en Ciclismo de Ruta <\/p>\n\n\n\n<p class=\"has-text-align-justify\">Nutricionista deportiva con experiencia trabajando con ciclistas amateur y profesionales, enfocada en mejorar el rendimiento, la recuperaci\u00f3n y la composici\u00f3n corporal a trav\u00e9s de una alimentaci\u00f3n estrat\u00e9gica y personalizada. Ha acompa\u00f1ado a atletas en procesos de preparaci\u00f3n para competencias de fondo como granfondos, triatlones e Ironman, adaptando planes nutricionales seg\u00fan cada fase del entrenamiento y las demandas de la ruta.<\/p>\n\n\n\n<p class=\"has-text-align-justify\">Especializada en nutrici\u00f3n en carrera, estrategias de carga de carbohidratos, suplementaci\u00f3n inteligente y control digestivo en eventos de larga duraci\u00f3n. Integra herramientas de an\u00e1lisis de composici\u00f3n corporal, educaci\u00f3n alimentaria y ajuste de h\u00e1bitos para lograr una mejora sostenible y alineada con los objetivos del atleta.<\/p>\n\n\n\n<p class=\"has-text-align-justify\">Con enfoque pr\u00e1ctico y cercano, se involucra en el proceso completo del deportista, desde la planificaci\u00f3n previa hasta el seguimiento post competencia.<br><\/p>\n<\/div>\n\n\n\n<div class=\"wp-block-column is-layout-flow wp-container-core-column-is-layout-f5bb311e wp-block-column-is-layout-flow\">\n<figure class=\"wp-block-image aligncenter size-full is-style-rounded\"><img data-recalc-dims=\"1\" decoding=\"async\" width=\"812\" height=\"546\" data-attachment-id=\"3324\" data-permalink=\"https:\/\/infugacicloturismo.com\/es\/mission\/imagen-de-whatsapp-2025-06-06-a-las-14-17-28_9452aaa4\/\" data-orig-file=\"https:\/\/i0.wp.com\/infugacicloturismo.com\/wp-content\/uploads\/2025\/07\/Imagen-de-WhatsApp-2025-06-06-a-las-14.17.28_9452aaa4.jpg?fit=812%2C546&amp;ssl=1\" data-orig-size=\"812,546\" data-comments-opened=\"1\" data-image-meta=\"{&quot;aperture&quot;:&quot;0&quot;,&quot;credit&quot;:&quot;&quot;,&quot;camera&quot;:&quot;&quot;,&quot;caption&quot;:&quot;&quot;,&quot;created_timestamp&quot;:&quot;0&quot;,&quot;copyright&quot;:&quot;&quot;,&quot;focal_length&quot;:&quot;0&quot;,&quot;iso&quot;:&quot;0&quot;,&quot;shutter_speed&quot;:&quot;0&quot;,&quot;title&quot;:&quot;&quot;,&quot;orientation&quot;:&quot;0&quot;}\" data-image-title=\"Imagen de WhatsApp 2025-06-06 a las 14.17.28_9452aaa4\" data-image-description=\"\" data-image-caption=\"\" data-medium-file=\"https:\/\/i0.wp.com\/infugacicloturismo.com\/wp-content\/uploads\/2025\/07\/Imagen-de-WhatsApp-2025-06-06-a-las-14.17.28_9452aaa4.jpg?fit=300%2C202&amp;ssl=1\" data-large-file=\"https:\/\/i0.wp.com\/infugacicloturismo.com\/wp-content\/uploads\/2025\/07\/Imagen-de-WhatsApp-2025-06-06-a-las-14.17.28_9452aaa4.jpg?fit=812%2C546&amp;ssl=1\" src=\"https:\/\/i0.wp.com\/infugacicloturismo.com\/wp-content\/uploads\/2025\/07\/Imagen-de-WhatsApp-2025-06-06-a-las-14.17.28_9452aaa4.jpg?resize=812%2C546&#038;ssl=1\" alt=\"\" class=\"wp-image-3324\" style=\"aspect-ratio:1;object-fit:cover\" srcset=\"https:\/\/i0.wp.com\/infugacicloturismo.com\/wp-content\/uploads\/2025\/07\/Imagen-de-WhatsApp-2025-06-06-a-las-14.17.28_9452aaa4.jpg?w=812&amp;ssl=1 812w, https:\/\/i0.wp.com\/infugacicloturismo.com\/wp-content\/uploads\/2025\/07\/Imagen-de-WhatsApp-2025-06-06-a-las-14.17.28_9452aaa4.jpg?resize=300%2C202&amp;ssl=1 300w, https:\/\/i0.wp.com\/infugacicloturismo.com\/wp-content\/uploads\/2025\/07\/Imagen-de-WhatsApp-2025-06-06-a-las-14.17.28_9452aaa4.jpg?resize=768%2C516&amp;ssl=1 768w, https:\/\/i0.wp.com\/infugacicloturismo.com\/wp-content\/uploads\/2025\/07\/Imagen-de-WhatsApp-2025-06-06-a-las-14.17.28_9452aaa4.jpg?resize=18%2C12&amp;ssl=1 18w, https:\/\/i0.wp.com\/infugacicloturismo.com\/wp-content\/uploads\/2025\/07\/Imagen-de-WhatsApp-2025-06-06-a-las-14.17.28_9452aaa4.jpg?resize=600%2C403&amp;ssl=1 600w\" sizes=\"(max-width: 812px) 100vw, 812px\" \/><\/figure>\n\n\n\n<h3 class=\"wp-block-heading has-text-align-center has-small-font-size\"><strong>Nuestro Staff: Profesionales que Hacen que Todo Fluya<\/strong><\/h3>\n\n\n\n<p class=\"has-text-align-justify\">Detr\u00e1s de cada kil\u00f3metro recorrido, hay un equipo comprometido que se encarga de que tu experiencia sea segura, c\u00f3modo y memorable.<\/p>\n\n\n\n<p class=\"has-text-align-justify\"><strong>Conductor de Apoyo<\/strong>: Responsable de transportar al grupo y seguir cada etapa del recorrido con seguridad y puntualidad. Conoce las rutas al detalle y siempre estar\u00e1\u00a1 listo con el veh\u00edculo de asistencia para resolver cualquier imprevisto en el camino<\/p>\n\n\n\n<p class=\"has-text-align-justify\"><strong>Encargado de Equipaje y Log\u00edstica<\/strong>: Asegura que tu equipaje y tu bicicleta lleguen intactos a cada destino. Se ocupa del montaje, organizaci\u00f3n y coordinaci\u00f3n en puntos clave como alojamientos, paradas y zonas de alimentaci\u00f3n.<\/p>\n\n\n\n<p><strong>Fot\u00f3grafo del Tour:<\/strong> Captura los mejores momentos de tu aventura, desde la emoci\u00f3n en plena ruta hasta los paisajes m\u00e1s impresionantes. Su trabajo se transforma en recuerdos \u00fanicos que recibir\u00e1s al final del tour<\/p>\n\n\n\n<p><strong>Equipo de Apoyo General:<\/strong> Incluye mec\u00e1nicos, gu\u00edas y asistentes que estar\u00e1n atentos a cada detalle. Desde ajustes en la bicicleta hasta ayudarte a reponer energ\u00edas despu\u00e9s de una jornada exigente, est\u00e1n para lo que necesites.<\/p>\n<\/div>\n<\/div>\n<\/div>\n<\/div>\n<\/div>\n","protected":false},"excerpt":{"rendered":"<p>Romano Moreno Coach de Ciclismo Especialista en Ironman y Ruta Entrenador con amplia trayectoria en el mundo del triatl\u00f3n y el ciclismo de ruta. Cuenta con una s\u00f3lida experiencia preparando atletas para competencias de alto rendimiento, incluyendo m\u00faltiples ediciones de Ironman y medios Ironman. Su enfoque combina estrategias avanzadas de entrenamiento, planificaci\u00f3n personalizada y conocimiento [&hellip;]<\/p>\n","protected":false},"author":240942074,"featured_media":0,"parent":0,"menu_order":0,"comment_status":"closed","ping_status":"closed","template":"","meta":{"ub_ctt_via":"","advanced_seo_description":"","jetpack_seo_html_title":"","jetpack_seo_noindex":false,"jetpack_post_was_ever_published":false,"footnotes":""},"class_list":["post-1627","page","type-page","status-publish","hentry"],"featured_image_src":null,"jetpack_likes_enabled":true,"jetpack_sharing_enabled":true,"jetpack_shortlink":"https:\/\/wp.me\/Pfbut4-qf","jetpack-related-posts":[],"_links":{"self":[{"href":"https:\/\/infugacicloturismo.com\/es\/wp-json\/wp\/v2\/pages\/1627","targetHints":{"allow":["GET"]}}],"collection":[{"href":"https:\/\/infugacicloturismo.com\/es\/wp-json\/wp\/v2\/pages"}],"about":[{"href":"https:\/\/infugacicloturismo.com\/es\/wp-json\/wp\/v2\/types\/page"}],"author":[{"embeddable":true,"href":"https:\/\/infugacicloturismo.com\/es\/wp-json\/wp\/v2\/users\/240942074"}],"replies":[{"embeddable":true,"href":"https:\/\/infugacicloturismo.com\/es\/wp-json\/wp\/v2\/comments?post=1627"}],"version-history":[{"count":8,"href":"https:\/\/infugacicloturismo.com\/es\/wp-json\/wp\/v2\/pages\/1627\/revisions"}],"predecessor-version":[{"id":3384,"href":"https:\/\/infugacicloturismo.com\/es\/wp-json\/wp\/v2\/pages\/1627\/revisions\/3384"}],"wp:attachment":[{"href":"https:\/\/infugacicloturismo.com\/es\/wp-json\/wp\/v2\/media?parent=1627"}],"curies":[{"name":"wp","href":"https:\/\/api.w.org\/{rel}","templated":true}]}}