{"id":2548,"date":"2025-03-31T04:11:52","date_gmt":"2025-03-31T02:11:52","guid":{"rendered":"https:\/\/infugacicloturismo.com\/?page_id=2548"},"modified":"2025-07-17T01:42:06","modified_gmt":"2025-07-16T23:42:06","slug":"terminos-y-condiciones","status":"publish","type":"page","link":"https:\/\/infugacicloturismo.com\/es\/terminos-y-condiciones\/","title":{"rendered":"Terminos y condiciones"},"content":{"rendered":"\n<p class=\"has-text-align-justify\">1. T\u00e9rminos y Condiciones<\/p>\n\n\n\n<p>Bienvenido al sitio web <a class=\"\" href=\"https:\/\/infugacicloturismo.com\">infugacicloturismo.com<\/a> (en adelante, el \u201cSitio\u201d). A trav\u00e9s de \u00e9l, usted podr\u00e1 acceder gratuitamente a informaci\u00f3n sobre los productos que en \u00e9l se ofrecen, comprar dichos productos, conocer la forma y medios de pago disponibles, programar su despacho o retiro, y revisar las formas y costos asociados.<\/p>\n\n\n\n<p>Estos T\u00e9rminos y Condiciones (en adelante, los \u201cTyC\u201d) regulan el acceso y uso del Sitio por parte de todos sus usuarios, sin importar el prop\u00f3sito del uso o acceso. Los TyC rigen todas las compraventas de productos realizadas a trav\u00e9s del Sitio, as\u00ed como los servicios relacionados, como despachos. Le recomendamos leerlos con atenci\u00f3n.<\/p>\n\n\n\n<p>Los TyC se entienden sin perjuicio de los derechos que le asisten conforme a la Ley N\u00b0 19.496 y normas relacionadas (conjuntamente, la \u201cLey de Protecci\u00f3n al Consumidor\u201d). En caso de contradicci\u00f3n entre dicha Ley (vigente al momento de la compra) y estos TyC, prevalecer\u00e1 lo m\u00e1s favorable para usted.<\/p>\n\n\n\n<p>El solo acceso al Sitio no implica obligaci\u00f3n alguna respecto de los productos ofrecidos. Usted solo adquirir\u00e1 obligaciones en la medida en que realice actos que manifiesten de forma inequ\u00edvoca su voluntad de adquirir productos conforme a estos TyC.<\/p>\n\n\n\n<p>Ahora bien, al hacer uso del Sitio se entender\u00e1 que usted acepta estos TyC. Todas las compras realizadas a trav\u00e9s del Sitio, as\u00ed como las interacciones con el operador del mismo, se regir\u00e1n por estos t\u00e9rminos. Si no est\u00e1 de acuerdo con ellos, le sugerimos no utilizar el Sitio.<\/p>\n\n\n\n<p>Estos TyC han sido preparados por el operador del Sitio y constituyen contratos de adhesi\u00f3n conforme a la Ley de Protecci\u00f3n al Consumidor.<\/p>\n\n\n\n<p>Si usted detecta errores o tiene sugerencias para mejorar estos TyC, puede comunicarse con nosotros a trav\u00e9s del formulario de contacto disponible en el pie de p\u00e1gina del sitio.<\/p>\n\n\n\n<hr class=\"wp-block-separator has-alpha-channel-opacity\"\/>\n\n\n\n<h2 class=\"wp-block-heading\">2. Sobre el operador del Sitio<\/h2>\n\n\n\n<p>El Sitio es operado por <strong>Glutz<\/strong>, con domicilio en O\u2019Higgins 984, Copiap\u00f3, Chile (en adelante, indistintamente, \u201cGlutz\u201d o la \u201cEmpresa\u201d). Cada vez que hablamos de \u201cnosotros\u201d en estos TyC, nos referimos a Glutz.<\/p>\n\n\n\n<p><a class=\"\" href=\"https:\/\/infugacicloturismo.com\">Infugacicloturismo.com<\/a> ofrece diversos tours de cicloturismo enfocados en Italia, destacando especialmente los tours por Toscana, Dolomitas y Emilia-Roma\u00f1a, adem\u00e1s de brindar la posibilidad de tours personalizados.<\/p>\n\n\n\n<hr class=\"wp-block-separator has-alpha-channel-opacity\"\/>\n\n\n\n<h2 class=\"wp-block-heading\">3. Contacto<\/h2>\n\n\n\n<p>Atenderemos sus requerimientos y consultas sobre el uso del Sitio en el tel\u00e9fono <strong>+39 333 800 3653<\/strong> o en la secci\u00f3n \u201cContacto\u201d del Sitio. Tambi\u00e9n puede escribirnos a nuestro correo electr\u00f3nico: <strong><a>info@infugacicloturismo.com<\/a><\/strong><\/p>\n\n\n\n<p>Nos comunicaremos con usted a la direcci\u00f3n de correo electr\u00f3nico que haya proporcionado al suscribirse. Si tambi\u00e9n ingres\u00f3 un n\u00famero telef\u00f3nico, podremos contactarlo por llamadas, mensajes de texto o WhatsApp.<\/p>\n\n\n\n<hr class=\"wp-block-separator has-alpha-channel-opacity\"\/>\n\n\n\n<h2 class=\"wp-block-heading\">4. Sobre los usuarios del Sitio<\/h2>\n\n\n\n<p>El Sitio est\u00e1 abierto al p\u00fablico. Sin embargo, los productos ofrecidos est\u00e1n destinados exclusivamente a <strong>consumidores<\/strong>, entendidos como \u201clas personas naturales o jur\u00eddicas que, en virtud de cualquier acto jur\u00eddico oneroso, adquieren, utilizan o disfrutan, como destinatarios finales, bienes o servicios\u201d. No ser\u00e1n considerados consumidores quienes deban entenderse como <strong>proveedores<\/strong>, seg\u00fan lo definido por la Ley de Protecci\u00f3n al Consumidor.<\/p>\n\n\n\n<p>La suscripci\u00f3n y uso de los servicios del Sitio solo podr\u00e1n realizarse por personas con capacidad legal para contratar. Solo personas mayores de edad y plenamente capaces pueden registrarse. En caso contrario, deber\u00e1 actuar a trav\u00e9s de su representante legal.<\/p>\n\n\n\n<p>Si desea usar o registrarse en el Sitio en nombre de una persona jur\u00eddica, deber\u00e1 contar con poder suficiente para representarla y asumir obligaciones conforme a estos TyC. Usted ser\u00e1 responsable de tener dicha representaci\u00f3n v\u00e1lida.<\/p>\n\n\n\n<p class=\"has-text-align-justify\">Dentro del \u00e1mbito de aplicaci\u00f3n de la Ley de Protecci\u00f3n al Consumidor, usted gozar\u00e1 de todos los derechos y protecciones que dicha normativa establece. Adem\u00e1s, podr\u00e1 ejercer en todo momento sus derechos de <strong>informaci\u00f3n, rectificaci\u00f3n y cancelaci\u00f3n<\/strong> sobre los datos personales entregados a <a class=\"\" href=\"https:\/\/infugacicloturismo.com\">https:\/\/infugacicloturismo.com<\/a>, seg\u00fan lo dispuesto en la Ley N\u00b0 19.628.<br><a href=\"https:\/\/www.facebook.com\/galexcl\/\" target=\"_blank\" rel=\"noreferrer noopener\"><\/a><a href=\"https:\/\/www.instagram.com\/galex_cl\/\" target=\"_blank\" rel=\"noreferrer noopener\"><\/a><a href=\"https:\/\/www.tiktok.com\/@galex_cl\" target=\"_blank\" rel=\"noreferrer noopener\"><\/a><\/p>\n","protected":false},"excerpt":{"rendered":"<p>1. T\u00e9rminos y Condiciones Bienvenido al sitio web infugacicloturismo.com (en adelante, el \u201cSitio\u201d). A trav\u00e9s de \u00e9l, usted podr\u00e1 acceder gratuitamente a informaci\u00f3n sobre los productos que en \u00e9l se ofrecen, comprar dichos productos, conocer la forma y medios de pago disponibles, programar su despacho o retiro, y revisar las formas y costos asociados. Estos [&hellip;]<\/p>\n","protected":false},"author":253155806,"featured_media":0,"parent":0,"menu_order":0,"comment_status":"closed","ping_status":"closed","template":"","meta":{"ub_ctt_via":"","advanced_seo_description":"","jetpack_seo_html_title":"","jetpack_seo_noindex":false,"jetpack_post_was_ever_published":false,"footnotes":""},"class_list":["post-2548","page","type-page","status-publish","hentry"],"featured_image_src":null,"jetpack_likes_enabled":true,"jetpack_sharing_enabled":true,"jetpack_shortlink":"https:\/\/wp.me\/Pfbut4-F6","jetpack-related-posts":[],"_links":{"self":[{"href":"https:\/\/infugacicloturismo.com\/es\/wp-json\/wp\/v2\/pages\/2548","targetHints":{"allow":["GET"]}}],"collection":[{"href":"https:\/\/infugacicloturismo.com\/es\/wp-json\/wp\/v2\/pages"}],"about":[{"href":"https:\/\/infugacicloturismo.com\/es\/wp-json\/wp\/v2\/types\/page"}],"author":[{"embeddable":true,"href":"https:\/\/infugacicloturismo.com\/es\/wp-json\/wp\/v2\/users\/253155806"}],"replies":[{"embeddable":true,"href":"https:\/\/infugacicloturismo.com\/es\/wp-json\/wp\/v2\/comments?post=2548"}],"version-history":[{"count":2,"href":"https:\/\/infugacicloturismo.com\/es\/wp-json\/wp\/v2\/pages\/2548\/revisions"}],"predecessor-version":[{"id":3388,"href":"https:\/\/infugacicloturismo.com\/es\/wp-json\/wp\/v2\/pages\/2548\/revisions\/3388"}],"wp:attachment":[{"href":"https:\/\/infugacicloturismo.com\/es\/wp-json\/wp\/v2\/media?parent=2548"}],"curies":[{"name":"wp","href":"https:\/\/api.w.org\/{rel}","templated":true}]}}